{"id":68,"date":"2026-03-18T14:23:42","date_gmt":"2026-03-18T14:23:42","guid":{"rendered":"https:\/\/fasinet.website\/?page_id=68"},"modified":"2026-03-18T14:23:46","modified_gmt":"2026-03-18T14:23:46","slug":"allgemeine-geschaeftsbedingungen","status":"publish","type":"page","link":"https:\/\/fasinet.website\/?page_id=68","title":{"rendered":"Allgemeine Gesch\u00e4ftsbedingungen"},"content":{"rendered":"\n<p>Diese Bedingungen gelten f\u00fcr alle Dienstleistungen von fasinet, gef\u00fchrt von Lisa Koblm\u00fcller, mit Fokus auf Fassadend\u00e4mmung im Raum Linz.<\/p>\n\n\n\n<p>Alle Angebote von fasinet sind freibleibend. Ein Vertrag kommt erst durch meine schriftliche Auftragsbest\u00e4tigung oder durch den Beginn der Arbeiten vor Ort zustande. Wir f\u00fchren unsere Leistungen nach den geltenden \u00d6NORMEN und den aktuellen Regeln der Bautechnik aus. Die Rechnungslegung erfolgt unter Angabe der UID ATU 63764539. Zahlungen sind ohne Abzug innerhalb der auf der Rechnung genannten Frist zu leisten.<\/p>\n\n\n\n<p>Gerichtsstand f\u00fcr alle Streitigkeiten ist das sachlich zust\u00e4ndige Gericht in Linz. Wir haften nicht f\u00fcr Sch\u00e4den, die durch unvorhersehbare Witterungseinfl\u00fcsse w\u00e4hrend der Bauphase entstehen, sofern wir die notwendigen Schutzma\u00dfnahmen getroffen haben. Unsere Haftung beschr\u00e4nkt sich auf den Auftragswert, au\u00dfer bei Vorsatz oder grober Fahrl\u00e4ssigkeit.<\/p>\n","protected":false},"excerpt":{"rendered":"<p>Diese Bedingungen gelten f\u00fcr alle Dienstleistungen von fasinet, gef\u00fchrt von Lisa Koblm\u00fcller, mit Fokus auf Fassadend\u00e4mmung im Raum Linz. Alle Angebote von fasinet sind freibleibend. Ein Vertrag kommt erst durch meine schriftliche Auftragsbest\u00e4tigung oder durch den Beginn der Arbeiten vor Ort zustande. Wir f\u00fchren unsere Leistungen nach den geltenden \u00d6NORMEN und den aktuellen Regeln der [&hellip;]<\/p>\n","protected":false},"author":1,"featured_media":0,"parent":0,"menu_order":9,"comment_status":"closed","ping_status":"closed","template":"","meta":{"footnotes":""},"class_list":["post-68","page","type-page","status-publish","hentry"],"_links":{"self":[{"href":"https:\/\/fasinet.website\/index.php?rest_route=\/wp\/v2\/pages\/68","targetHints":{"allow":["GET"]}}],"collection":[{"href":"https:\/\/fasinet.website\/index.php?rest_route=\/wp\/v2\/pages"}],"about":[{"href":"https:\/\/fasinet.website\/index.php?rest_route=\/wp\/v2\/types\/page"}],"author":[{"embeddable":true,"href":"https:\/\/fasinet.website\/index.php?rest_route=\/wp\/v2\/users\/1"}],"replies":[{"embeddable":true,"href":"https:\/\/fasinet.website\/index.php?rest_route=%2Fwp%2Fv2%2Fcomments&post=68"}],"version-history":[{"count":1,"href":"https:\/\/fasinet.website\/index.php?rest_route=\/wp\/v2\/pages\/68\/revisions"}],"predecessor-version":[{"id":69,"href":"https:\/\/fasinet.website\/index.php?rest_route=\/wp\/v2\/pages\/68\/revisions\/69"}],"wp:attachment":[{"href":"https:\/\/fasinet.website\/index.php?rest_route=%2Fwp%2Fv2%2Fmedia&parent=68"}],"curies":[{"name":"wp","href":"https:\/\/api.w.org\/{rel}","templated":true}]}}