{"id":66,"date":"2026-03-18T14:23:30","date_gmt":"2026-03-18T14:23:30","guid":{"rendered":"https:\/\/fasinet.website\/?page_id=66"},"modified":"2026-03-18T14:23:34","modified_gmt":"2026-03-18T14:23:34","slug":"cookie-richtlinie","status":"publish","type":"page","link":"https:\/\/fasinet.website\/?page_id=66","title":{"rendered":"Cookie-Richtlinie"},"content":{"rendered":"\n<p id=\"p-rc_353f75964a669b20-20\">Die Webseite fasinet verwe<sup><\/sup>ndet Cookies um die Nutzung unserer Informationen zur Fassadenisolierung so einfach wie m\u00f6glich zu gestalten. Hierbei handelt es sich um kleine Textdateien, die mit Hilfe des Browsers auf Ihrem Endger\u00e4t abgelegt werden.<\/p>\n\n\n\n<figure class=\"wp-block-table\"><table class=\"has-fixed-layout\"><thead><tr><td><strong>Cookie-Typ<\/strong><\/td><td><strong>Zweck der Verwendung<\/strong><\/td><td><strong>Speicherdauer<\/strong><\/td><\/tr><\/thead><tbody><tr><td>Notwendige Cookies<\/td><td>Erm\u00f6glichen Grundfunktionen der Webseite<\/td><td>Session-Ende<\/td><\/tr><tr><td>Analytische Cookies<\/td><td>Helfen uns die Bed\u00fcrfnisse der Nutzer in Linz besser zu verstehen<\/td><td>12 Monate<\/td><\/tr><tr><td>Funktionale Cookies<\/td><td>Speichern Ihre Sprachwahl oder lokale Pr\u00e4ferenzen<\/td><td>6 Monate<\/td><\/tr><\/tbody><\/table><\/figure>\n\n\n\n<p>Sie k\u00f6nnen Ihren Browser so einrichten, dass er Sie \u00fcber das Setzen von Cookies informiert und Sie dies nur im Einzelfall erlauben. Bei der Deaktivierung von Cookies kann die Funktionalit\u00e4t unserer Webseite f\u00fcr energetische Sanierung eingeschr\u00e4nkt sein. Wir setzen keine Tracking-Mechanismen ein, die Ihr Verhalten au\u00dferhalb von fasinet \u00fcberwachen.<\/p>\n","protected":false},"excerpt":{"rendered":"<p>Die Webseite fasinet verwendet Cookies um die Nutzung unserer Informationen zur Fassadenisolierung so einfach wie m\u00f6glich zu gestalten. Hierbei handelt es sich um kleine Textdateien, die mit Hilfe des Browsers auf Ihrem Endger\u00e4t abgelegt werden. Cookie-Typ Zweck der Verwendung Speicherdauer Notwendige Cookies Erm\u00f6glichen Grundfunktionen der Webseite Session-Ende Analytische Cookies Helfen uns die Bed\u00fcrfnisse der Nutzer [&hellip;]<\/p>\n","protected":false},"author":1,"featured_media":0,"parent":0,"menu_order":8,"comment_status":"closed","ping_status":"closed","template":"","meta":{"footnotes":""},"class_list":["post-66","page","type-page","status-publish","hentry"],"_links":{"self":[{"href":"https:\/\/fasinet.website\/index.php?rest_route=\/wp\/v2\/pages\/66","targetHints":{"allow":["GET"]}}],"collection":[{"href":"https:\/\/fasinet.website\/index.php?rest_route=\/wp\/v2\/pages"}],"about":[{"href":"https:\/\/fasinet.website\/index.php?rest_route=\/wp\/v2\/types\/page"}],"author":[{"embeddable":true,"href":"https:\/\/fasinet.website\/index.php?rest_route=\/wp\/v2\/users\/1"}],"replies":[{"embeddable":true,"href":"https:\/\/fasinet.website\/index.php?rest_route=%2Fwp%2Fv2%2Fcomments&post=66"}],"version-history":[{"count":1,"href":"https:\/\/fasinet.website\/index.php?rest_route=\/wp\/v2\/pages\/66\/revisions"}],"predecessor-version":[{"id":67,"href":"https:\/\/fasinet.website\/index.php?rest_route=\/wp\/v2\/pages\/66\/revisions\/67"}],"wp:attachment":[{"href":"https:\/\/fasinet.website\/index.php?rest_route=%2Fwp%2Fv2%2Fmedia&parent=66"}],"curies":[{"name":"wp","href":"https:\/\/api.w.org\/{rel}","templated":true}]}}