{"id":64,"date":"2026-03-18T14:23:18","date_gmt":"2026-03-18T14:23:18","guid":{"rendered":"https:\/\/fasinet.website\/?page_id=64"},"modified":"2026-03-18T14:23:22","modified_gmt":"2026-03-18T14:23:22","slug":"datenschutzerklaerung","status":"publish","type":"page","link":"https:\/\/fasinet.website\/?page_id=64","title":{"rendered":"Datenschutzerkl\u00e4rung"},"content":{"rendered":"\n<p>Der Schutz Ihrer pers\u00f6nlichen Daten ist mir ein besonderes Anliegen. Ich, Lisa Koblm\u00fcller, verarbeite Ihre Daten ausschlie\u00dflich auf Grundlage der gesetzlichen Bestimmungen der DSGVO sowie des TKG 2021.<\/p>\n\n\n\n<ol start=\"1\" class=\"wp-block-list\">\n<li>Datenerhebung: Wenn Sie Kontakt per E-Mail unter help@fasinet.website mit uns aufnehmen, werden Ihre angegebenen Daten zwecks Bearbeitung der Anfrage und f\u00fcr den Fall von Anschlussfragen sechs Monate bei uns gespeichert.<\/li>\n\n\n\n<li>Zweckbindung: Wir nutzen Ihre Informationen nur zur Erstellung von Angeboten f\u00fcr Fassadend\u00e4mmungen oder zur Koordination von Terminen in Linz.<\/li>\n\n\n\n<li>Datensicherheit: Ihr Vertrauen ist die Basis von fasinet. Wir geben Ihre Daten niemals ohne Ihre explizite Erlaubnis an Dritte weiter, es sei denn, dies ist zur Vertragserf\u00fcllung gegen\u00fcber Beh\u00f6rden in Ober\u00f6sterreich notwendig.<\/li>\n\n\n\n<li>Ihre Rechte: Ihnen stehen grunds\u00e4tzlich die Rechte auf Auskunft, Berichtigung, L\u00f6schung, Einschr\u00e4nkung, Daten\u00fcbertragbarkeit, Widerruf und Widerspruch zu.<\/li>\n<\/ol>\n\n\n\n<p id=\"p-rc_353f75964a669b20-19\">Wenn Sie glauben, dass die Verarbeitung Ihrer Daten gegen das Datenschutzrecht verst\u00f6\u00dft, k\u00f6nnen Sie sich bei der \u00f6sterreichischen Datenschutzbeh\u00f6rde beschweren. Unser Firmensitz in der Mozartstra\u00dfe 40 ist der zentrale Ort f\u00fcr alle datenschutzrechtlichen Anfragen.<sup><\/sup><\/p>\n","protected":false},"excerpt":{"rendered":"<p>Der Schutz Ihrer pers\u00f6nlichen Daten ist mir ein besonderes Anliegen. Ich, Lisa Koblm\u00fcller, verarbeite Ihre Daten ausschlie\u00dflich auf Grundlage der gesetzlichen Bestimmungen der DSGVO sowie des TKG 2021. Wenn Sie glauben, dass die Verarbeitung Ihrer Daten gegen das Datenschutzrecht verst\u00f6\u00dft, k\u00f6nnen Sie sich bei der \u00f6sterreichischen Datenschutzbeh\u00f6rde beschweren. Unser Firmensitz in der Mozartstra\u00dfe 40 ist [&hellip;]<\/p>\n","protected":false},"author":1,"featured_media":0,"parent":0,"menu_order":7,"comment_status":"closed","ping_status":"closed","template":"","meta":{"footnotes":""},"class_list":["post-64","page","type-page","status-publish","hentry"],"_links":{"self":[{"href":"https:\/\/fasinet.website\/index.php?rest_route=\/wp\/v2\/pages\/64","targetHints":{"allow":["GET"]}}],"collection":[{"href":"https:\/\/fasinet.website\/index.php?rest_route=\/wp\/v2\/pages"}],"about":[{"href":"https:\/\/fasinet.website\/index.php?rest_route=\/wp\/v2\/types\/page"}],"author":[{"embeddable":true,"href":"https:\/\/fasinet.website\/index.php?rest_route=\/wp\/v2\/users\/1"}],"replies":[{"embeddable":true,"href":"https:\/\/fasinet.website\/index.php?rest_route=%2Fwp%2Fv2%2Fcomments&post=64"}],"version-history":[{"count":1,"href":"https:\/\/fasinet.website\/index.php?rest_route=\/wp\/v2\/pages\/64\/revisions"}],"predecessor-version":[{"id":65,"href":"https:\/\/fasinet.website\/index.php?rest_route=\/wp\/v2\/pages\/64\/revisions\/65"}],"wp:attachment":[{"href":"https:\/\/fasinet.website\/index.php?rest_route=%2Fwp%2Fv2%2Fmedia&parent=64"}],"curies":[{"name":"wp","href":"https:\/\/api.w.org\/{rel}","templated":true}]}}