{"id":62,"date":"2026-03-18T14:23:04","date_gmt":"2026-03-18T14:23:04","guid":{"rendered":"https:\/\/fasinet.website\/?page_id=62"},"modified":"2026-03-18T14:23:11","modified_gmt":"2026-03-18T14:23:11","slug":"impressum","status":"publish","type":"page","link":"https:\/\/fasinet.website\/?page_id=62","title":{"rendered":"Impressum"},"content":{"rendered":"\n<p>Dieses Impressum gilt f\u00fcr alle digitalen Inhalte von fasinet. In \u00dcbereinstimmung mit dem \u00f6sterreichischen E-Commerce-Gesetz und der Gewerbeordnung finden Sie hier die offiziellen Unternehmensdaten f\u00fcr unsere T\u00e4tigkeit in Linz und Umgebung.<\/p>\n\n\n\n<ul class=\"wp-block-list\">\n<li>Name der Inhaberin: Lisa Koblm\u00fcller<\/li>\n\n\n\n<li>Standort der Gewerbeberechtigung: Mozartstra\u00dfe 40, 4020 Linz, \u00d6sterreich<\/li>\n\n\n\n<li>Umsatzsteueridentifikationsnummer: ATU 63764539<\/li>\n\n\n\n<li>E-Mail: help@fasinet.website<\/li>\n\n\n\n<li>Unternehmensbezeichnung: fasinet<\/li>\n<\/ul>\n\n\n\n<p>Die Inhalte dieser Webseite wurden von mir, Lisa Koblm\u00fcller, mit gr\u00f6\u00dfter Sorgfalt erstellt. Mein kleiner Betrieb konzentriert sich auf die energetische Sanierung von Geb\u00e4uden in Ober\u00f6sterreich. Alle Texte und technischen Zeichnungen auf dieser Seite unterliegen dem Urheberrecht. Eine Vervielf\u00e4ltigung oder Verwendung in anderen elektronischen oder gedruckten Publikationen ist ohne meine ausdr\u00fcckliche Zustimmung nicht gestattet. F\u00fcr externe Links zu Partnern oder F\u00f6rderstellen in \u00d6sterreich \u00fcbernehmen wir keine Haftung.<\/p>\n","protected":false},"excerpt":{"rendered":"<p>Dieses Impressum gilt f\u00fcr alle digitalen Inhalte von fasinet. In \u00dcbereinstimmung mit dem \u00f6sterreichischen E-Commerce-Gesetz und der Gewerbeordnung finden Sie hier die offiziellen Unternehmensdaten f\u00fcr unsere T\u00e4tigkeit in Linz und Umgebung. Die Inhalte dieser Webseite wurden von mir, Lisa Koblm\u00fcller, mit gr\u00f6\u00dfter Sorgfalt erstellt. Mein kleiner Betrieb konzentriert sich auf die energetische Sanierung von Geb\u00e4uden [&hellip;]<\/p>\n","protected":false},"author":1,"featured_media":0,"parent":0,"menu_order":6,"comment_status":"closed","ping_status":"closed","template":"","meta":{"footnotes":""},"class_list":["post-62","page","type-page","status-publish","hentry"],"_links":{"self":[{"href":"https:\/\/fasinet.website\/index.php?rest_route=\/wp\/v2\/pages\/62","targetHints":{"allow":["GET"]}}],"collection":[{"href":"https:\/\/fasinet.website\/index.php?rest_route=\/wp\/v2\/pages"}],"about":[{"href":"https:\/\/fasinet.website\/index.php?rest_route=\/wp\/v2\/types\/page"}],"author":[{"embeddable":true,"href":"https:\/\/fasinet.website\/index.php?rest_route=\/wp\/v2\/users\/1"}],"replies":[{"embeddable":true,"href":"https:\/\/fasinet.website\/index.php?rest_route=%2Fwp%2Fv2%2Fcomments&post=62"}],"version-history":[{"count":1,"href":"https:\/\/fasinet.website\/index.php?rest_route=\/wp\/v2\/pages\/62\/revisions"}],"predecessor-version":[{"id":63,"href":"https:\/\/fasinet.website\/index.php?rest_route=\/wp\/v2\/pages\/62\/revisions\/63"}],"wp:attachment":[{"href":"https:\/\/fasinet.website\/index.php?rest_route=%2Fwp%2Fv2%2Fmedia&parent=62"}],"curies":[{"name":"wp","href":"https:\/\/api.w.org\/{rel}","templated":true}]}}